{"id":6227,"date":"2022-04-26T06:03:23","date_gmt":"2022-04-26T03:03:23","guid":{"rendered":"https:\/\/surakas.ee\/kontakt\/"},"modified":"2025-09-24T16:25:39","modified_gmt":"2025-09-24T13:25:39","slug":"kontakt","status":"publish","type":"page","link":"https:\/\/surakas.ee\/en\/kontakt\/","title":{"rendered":"Contact"},"content":{"rendered":"\t\t<div data-elementor-type=\"wp-page\" data-elementor-id=\"6227\" class=\"elementor elementor-6227 elementor-1506\">\n\t\t\t\t\t\t<section class=\"elementor-section elementor-top-section elementor-element elementor-element-02b6bc0 elementor-section-full_width qodef-elementor-content-grid elementor-section-height-default elementor-section-height-default\" data-id=\"02b6bc0\" data-element_type=\"section\">\n\t\t\t\t\t\t<div class=\"elementor-container elementor-column-gap-default\">\n\t\t\t\t\t<div class=\"elementor-column elementor-col-50 elementor-top-column elementor-element elementor-element-46eaa67\" data-id=\"46eaa67\" data-element_type=\"column\">\n\t\t\t<div class=\"elementor-widget-wrap elementor-element-populated\">\n\t\t\t\t\t\t<div class=\"elementor-element elementor-element-df92b78 elementor-widget elementor-widget-loire_core_section_title\" data-id=\"df92b78\" data-element_type=\"widget\" data-widget_type=\"loire_core_section_title.default\">\n\t\t\t\t<div class=\"elementor-widget-container\">\n\t\t\t\t\t<div class=\"qodef-shortcode qodef-m  qodef-section-title qodef-alignment--left \">\n\t\t<p class=\"qodef-m-subtitle\" >contact form<\/p>\n\t\t<h2 class=\"qodef-m-title\" >\n\t\t\t\t\tGet in touch with us\t\t\t<\/h2>\n\t<\/div>\n\t\t\t\t<\/div>\n\t\t\t\t<\/div>\n\t\t\t\t<div class=\"elementor-element elementor-element-3df8654 elementor-widget elementor-widget-spacer\" data-id=\"3df8654\" data-element_type=\"widget\" data-widget_type=\"spacer.default\">\n\t\t\t\t<div class=\"elementor-widget-container\">\n\t\t\t\t\t\t\t<div class=\"elementor-spacer\">\n\t\t\t<div class=\"elementor-spacer-inner\"><\/div>\n\t\t<\/div>\n\t\t\t\t\t\t<\/div>\n\t\t\t\t<\/div>\n\t\t\t\t<div class=\"elementor-element elementor-element-53feab4 elementor-widget elementor-widget-wp-widget-loire_core_contact_form_7\" data-id=\"53feab4\" data-element_type=\"widget\" data-widget_type=\"wp-widget-loire_core_contact_form_7.default\">\n\t\t\t\t<div class=\"elementor-widget-container\">\n\t\t\t\t\t\t\t\t<div class=\"qodef-contact-form-7\">\n\t\t\t\t\n<div class=\"wpcf7 no-js\" id=\"wpcf7-f6232-o1\" lang=\"en-US\" dir=\"ltr\" data-wpcf7-id=\"6232\">\n<div class=\"screen-reader-response\"><p role=\"status\" aria-live=\"polite\" aria-atomic=\"true\"><\/p> <ul><\/ul><\/div>\n<form action=\"\/en\/wp-json\/wp\/v2\/pages\/6227#wpcf7-f6232-o1\" method=\"post\" class=\"wpcf7-form init\" aria-label=\"Contact form\" novalidate=\"novalidate\" data-status=\"init\">\n<fieldset class=\"hidden-fields-container\"><input type=\"hidden\" name=\"_wpcf7\" value=\"6232\" \/><input type=\"hidden\" name=\"_wpcf7_version\" value=\"6.1.4\" \/><input type=\"hidden\" name=\"_wpcf7_locale\" value=\"en_US\" \/><input type=\"hidden\" name=\"_wpcf7_unit_tag\" value=\"wpcf7-f6232-o1\" \/><input type=\"hidden\" name=\"_wpcf7_container_post\" value=\"0\" \/><input type=\"hidden\" name=\"_wpcf7_posted_data_hash\" value=\"\" \/><input type=\"hidden\" name=\"_wpcf7_recaptcha_response\" value=\"\" \/>\n<\/fieldset>\n<div><span class=\"wpcf7-form-control-wrap\" data-name=\"your-name\"><input size=\"40\" maxlength=\"400\" class=\"wpcf7-form-control wpcf7-text wpcf7-validates-as-required\" aria-required=\"true\" aria-invalid=\"false\" placeholder=\"Name *\" value=\"\" type=\"text\" name=\"your-name\" \/><\/span><\/div>\n<div><span class=\"wpcf7-form-control-wrap\" data-name=\"your-email\"><input size=\"40\" maxlength=\"400\" class=\"wpcf7-form-control wpcf7-text wpcf7-validates-as-required\" aria-required=\"true\" aria-invalid=\"false\" placeholder=\"E-mail *\" value=\"\" type=\"text\" name=\"your-email\" \/><\/span><\/div>\n<div><span class=\"wpcf7-form-control-wrap\" data-name=\"your-message\"><textarea cols=\"40\" rows=\"4\" maxlength=\"2000\" class=\"wpcf7-form-control wpcf7-textarea wpcf7-validates-as-required\" aria-required=\"true\" aria-invalid=\"false\" placeholder=\"Message *\" name=\"your-message\"><\/textarea><\/span><\/div>\n<div style=\"margin-top: 15px;\">\n        <span class=\"qodef-m-text\"><button class=\"wpcf7-form-control wpcf7-submit qodef-button qodef-size--normal qodef-layout--filled qodef-m\" type=\"submit\"><span class=\"qodef-m-text\">Send<\/span><\/button><\/span>\n<\/div><div class=\"wpcf7-response-output\" aria-hidden=\"true\"><\/div>\n<\/form>\n<\/div>\n\t\t\t<\/div>\n\t\t\t\t\t\t\t<\/div>\n\t\t\t\t<\/div>\n\t\t\t\t\t<\/div>\n\t\t<\/div>\n\t\t\t\t<div class=\"elementor-column elementor-col-50 elementor-top-column elementor-element elementor-element-258420c\" data-id=\"258420c\" data-element_type=\"column\">\n\t\t\t<div class=\"elementor-widget-wrap elementor-element-populated\">\n\t\t\t\t\t\t<div class=\"elementor-element elementor-element-8b0b23b elementor-widget elementor-widget-heading\" data-id=\"8b0b23b\" data-element_type=\"widget\" data-widget_type=\"heading.default\">\n\t\t\t\t<div class=\"elementor-widget-container\">\n\t\t\t\t\t<h5 class=\"elementor-heading-title elementor-size-default\">Surakas O\u00dc<\/h5>\t\t\t\t<\/div>\n\t\t\t\t<\/div>\n\t\t\t\t<div class=\"elementor-element elementor-element-8bede0e elementor-widget elementor-widget-text-editor\" data-id=\"8bede0e\" data-element_type=\"widget\" data-widget_type=\"text-editor.default\">\n\t\t\t\t<div class=\"elementor-widget-container\">\n\t\t\t\t\t\t\t\t\t<p style=\"text-align: center;\">Address: <a href=\"https:\/\/maps.app.goo.gl\/VvBKqUr9AFr1q5wi9\" target=\"_blank\" rel=\"noopener\"><span class=\"qodef-e-title-inner\"><span class=\"qodef-e-title-text\">Siidisaba tee 6 J\u00f5el\u00e4htme<\/span><\/span><\/a><\/p>\t\t\t\t\t\t\t\t<\/div>\n\t\t\t\t<\/div>\n\t\t\t\t<div class=\"elementor-element elementor-element-2bbc2aa elementor-widget elementor-widget-text-editor\" data-id=\"2bbc2aa\" data-element_type=\"widget\" data-widget_type=\"text-editor.default\">\n\t\t\t\t<div class=\"elementor-widget-container\">\n\t\t\t\t\t\t\t\t\t<p style=\"text-align: center;\">Phone: <a href=\"tel:+37256495990\">+372 5649 5990<\/a> ; <a href=\"tel:+3725161357\">+372 516 1357<\/a><\/p>\t\t\t\t\t\t\t\t<\/div>\n\t\t\t\t<\/div>\n\t\t\t\t<div class=\"elementor-element elementor-element-5cc008a elementor-widget elementor-widget-text-editor\" data-id=\"5cc008a\" data-element_type=\"widget\" data-widget_type=\"text-editor.default\">\n\t\t\t\t<div class=\"elementor-widget-container\">\n\t\t\t\t\t\t\t\t\t<p style=\"text-align: center;\">Email: <a href=\"mailto:info@surakas.ee\" target=\"_self\"><span class=\"qodef-e-title-inner\"><span class=\"qodef-e-title-text\">info(at)surakas.ee<\/span><\/span><\/a><\/p>\t\t\t\t\t\t\t\t<\/div>\n\t\t\t\t<\/div>\n\t\t\t\t\t<\/div>\n\t\t<\/div>\n\t\t\t\t\t<\/div>\n\t\t<\/section>\n\t\t\t\t<\/div>\n\t\t","protected":false},"excerpt":{"rendered":"<p>contact form Get in touch with us Surakas O\u00dc Address: Siidisaba tee 6 J\u00f5el\u00e4htme Phone: +372 5649 5990 ; +372 516 1357 Email: info(at)surakas.ee<\/p>\n","protected":false},"author":2,"featured_media":0,"parent":0,"menu_order":0,"comment_status":"closed","ping_status":"closed","template":"page-full-width.php","meta":{"footnotes":""},"class_list":["post-6227","page","type-page","status-publish","hentry"],"yoast_head":"<!-- This site is optimized with the Yoast SEO plugin v26.6 - https:\/\/yoast.com\/wordpress\/plugins\/seo\/ -->\n<title>Contact - Surakas<\/title>\n<meta name=\"robots\" content=\"index, follow, max-snippet:-1, max-image-preview:large, max-video-preview:-1\" \/>\n<link rel=\"canonical\" href=\"https:\/\/surakas.ee\/kontakt\/\" \/>\n<meta property=\"og:locale\" content=\"en_US\" \/>\n<meta property=\"og:type\" content=\"article\" \/>\n<meta property=\"og:title\" content=\"Contact - Surakas\" \/>\n<meta property=\"og:description\" content=\"contact form Get in touch with us Surakas O\u00dc Address: Siidisaba tee 6 J\u00f5el\u00e4htme Phone: +372 5649 5990 ; +372 516 1357 Email: info(at)surakas.ee\" \/>\n<meta property=\"og:url\" content=\"https:\/\/surakas.ee\/kontakt\/\" \/>\n<meta property=\"og:site_name\" content=\"Surakas\" \/>\n<meta property=\"article:modified_time\" content=\"2025-09-24T13:25:39+00:00\" \/>\n<meta name=\"twitter:card\" content=\"summary_large_image\" \/>\n<meta name=\"twitter:label1\" content=\"Est. reading time\" \/>\n\t<meta name=\"twitter:data1\" content=\"1 minute\" \/>\n<script type=\"application\/ld+json\" class=\"yoast-schema-graph\">{\"@context\":\"https:\/\/schema.org\",\"@graph\":[{\"@type\":\"WebPage\",\"@id\":\"https:\/\/surakas.ee\/kontakt\/\",\"url\":\"https:\/\/surakas.ee\/kontakt\/\",\"name\":\"Contact - Surakas\",\"isPartOf\":{\"@id\":\"https:\/\/surakas.ee\/#website\"},\"datePublished\":\"2022-04-26T03:03:23+00:00\",\"dateModified\":\"2025-09-24T13:25:39+00:00\",\"breadcrumb\":{\"@id\":\"https:\/\/surakas.ee\/kontakt\/#breadcrumb\"},\"inLanguage\":\"en-US\",\"potentialAction\":[{\"@type\":\"ReadAction\",\"target\":[\"https:\/\/surakas.ee\/kontakt\/\"]}]},{\"@type\":\"BreadcrumbList\",\"@id\":\"https:\/\/surakas.ee\/kontakt\/#breadcrumb\",\"itemListElement\":[{\"@type\":\"ListItem\",\"position\":1,\"name\":\"Home\",\"item\":\"https:\/\/surakas.ee\/en\/\"},{\"@type\":\"ListItem\",\"position\":2,\"name\":\"Contact\"}]},{\"@type\":\"WebSite\",\"@id\":\"https:\/\/surakas.ee\/#website\",\"url\":\"https:\/\/surakas.ee\/\",\"name\":\"Surakas\",\"description\":\"\",\"publisher\":{\"@id\":\"https:\/\/surakas.ee\/#organization\"},\"potentialAction\":[{\"@type\":\"SearchAction\",\"target\":{\"@type\":\"EntryPoint\",\"urlTemplate\":\"https:\/\/surakas.ee\/?s={search_term_string}\"},\"query-input\":{\"@type\":\"PropertyValueSpecification\",\"valueRequired\":true,\"valueName\":\"search_term_string\"}}],\"inLanguage\":\"en-US\"},{\"@type\":\"Organization\",\"@id\":\"https:\/\/surakas.ee\/#organization\",\"name\":\"Surakas\",\"url\":\"https:\/\/surakas.ee\/\",\"logo\":{\"@type\":\"ImageObject\",\"inLanguage\":\"en-US\",\"@id\":\"https:\/\/surakas.ee\/#\/schema\/logo\/image\/\",\"url\":\"https:\/\/surakas.ee\/wp-content\/uploads\/2024\/03\/Surakas-logo.png\",\"contentUrl\":\"https:\/\/surakas.ee\/wp-content\/uploads\/2024\/03\/Surakas-logo.png\",\"width\":754,\"height\":406,\"caption\":\"Surakas\"},\"image\":{\"@id\":\"https:\/\/surakas.ee\/#\/schema\/logo\/image\/\"}}]}<\/script>\n<!-- \/ Yoast SEO plugin. -->","yoast_head_json":{"title":"Contact - Surakas","robots":{"index":"index","follow":"follow","max-snippet":"max-snippet:-1","max-image-preview":"max-image-preview:large","max-video-preview":"max-video-preview:-1"},"canonical":"https:\/\/surakas.ee\/kontakt\/","og_locale":"en_US","og_type":"article","og_title":"Contact - Surakas","og_description":"contact form Get in touch with us Surakas O\u00dc Address: Siidisaba tee 6 J\u00f5el\u00e4htme Phone: +372 5649 5990 ; +372 516 1357 Email: info(at)surakas.ee","og_url":"https:\/\/surakas.ee\/kontakt\/","og_site_name":"Surakas","article_modified_time":"2025-09-24T13:25:39+00:00","twitter_card":"summary_large_image","twitter_misc":{"Est. reading time":"1 minute"},"schema":{"@context":"https:\/\/schema.org","@graph":[{"@type":"WebPage","@id":"https:\/\/surakas.ee\/kontakt\/","url":"https:\/\/surakas.ee\/kontakt\/","name":"Contact - Surakas","isPartOf":{"@id":"https:\/\/surakas.ee\/#website"},"datePublished":"2022-04-26T03:03:23+00:00","dateModified":"2025-09-24T13:25:39+00:00","breadcrumb":{"@id":"https:\/\/surakas.ee\/kontakt\/#breadcrumb"},"inLanguage":"en-US","potentialAction":[{"@type":"ReadAction","target":["https:\/\/surakas.ee\/kontakt\/"]}]},{"@type":"BreadcrumbList","@id":"https:\/\/surakas.ee\/kontakt\/#breadcrumb","itemListElement":[{"@type":"ListItem","position":1,"name":"Home","item":"https:\/\/surakas.ee\/en\/"},{"@type":"ListItem","position":2,"name":"Contact"}]},{"@type":"WebSite","@id":"https:\/\/surakas.ee\/#website","url":"https:\/\/surakas.ee\/","name":"Surakas","description":"","publisher":{"@id":"https:\/\/surakas.ee\/#organization"},"potentialAction":[{"@type":"SearchAction","target":{"@type":"EntryPoint","urlTemplate":"https:\/\/surakas.ee\/?s={search_term_string}"},"query-input":{"@type":"PropertyValueSpecification","valueRequired":true,"valueName":"search_term_string"}}],"inLanguage":"en-US"},{"@type":"Organization","@id":"https:\/\/surakas.ee\/#organization","name":"Surakas","url":"https:\/\/surakas.ee\/","logo":{"@type":"ImageObject","inLanguage":"en-US","@id":"https:\/\/surakas.ee\/#\/schema\/logo\/image\/","url":"https:\/\/surakas.ee\/wp-content\/uploads\/2024\/03\/Surakas-logo.png","contentUrl":"https:\/\/surakas.ee\/wp-content\/uploads\/2024\/03\/Surakas-logo.png","width":754,"height":406,"caption":"Surakas"},"image":{"@id":"https:\/\/surakas.ee\/#\/schema\/logo\/image\/"}}]}},"_links":{"self":[{"href":"https:\/\/surakas.ee\/en\/wp-json\/wp\/v2\/pages\/6227","targetHints":{"allow":["GET"]}}],"collection":[{"href":"https:\/\/surakas.ee\/en\/wp-json\/wp\/v2\/pages"}],"about":[{"href":"https:\/\/surakas.ee\/en\/wp-json\/wp\/v2\/types\/page"}],"author":[{"embeddable":true,"href":"https:\/\/surakas.ee\/en\/wp-json\/wp\/v2\/users\/2"}],"replies":[{"embeddable":true,"href":"https:\/\/surakas.ee\/en\/wp-json\/wp\/v2\/comments?post=6227"}],"version-history":[{"count":20,"href":"https:\/\/surakas.ee\/en\/wp-json\/wp\/v2\/pages\/6227\/revisions"}],"predecessor-version":[{"id":6779,"href":"https:\/\/surakas.ee\/en\/wp-json\/wp\/v2\/pages\/6227\/revisions\/6779"}],"wp:attachment":[{"href":"https:\/\/surakas.ee\/en\/wp-json\/wp\/v2\/media?parent=6227"}],"curies":[{"name":"wp","href":"https:\/\/api.w.org\/{rel}","templated":true}]}}