{"id":6260,"date":"2022-04-26T06:26:27","date_gmt":"2022-04-26T06:26:27","guid":{"rendered":"https:\/\/surakas.ee\/tagasiside\/"},"modified":"2024-05-13T12:19:45","modified_gmt":"2024-05-13T12:19:45","slug":"clients-feedback","status":"publish","type":"page","link":"https:\/\/surakas.ee\/en\/clients-feedback\/","title":{"rendered":"Clients feedback"},"content":{"rendered":"\t\t<div data-elementor-type=\"wp-page\" data-elementor-id=\"6260\" class=\"elementor elementor-6260 elementor-1540\">\n\t\t\t\t\t\t<section class=\"elementor-section elementor-top-section elementor-element elementor-element-02b6bc0 elementor-section-full_width qodef-elementor-content-grid elementor-section-height-default elementor-section-height-default\" data-id=\"02b6bc0\" data-element_type=\"section\">\n\t\t\t\t\t\t<div class=\"elementor-container elementor-column-gap-default\">\n\t\t\t\t\t<div class=\"elementor-column elementor-col-100 elementor-top-column elementor-element elementor-element-46eaa67\" data-id=\"46eaa67\" data-element_type=\"column\">\n\t\t\t<div class=\"elementor-widget-wrap elementor-element-populated\">\n\t\t\t\t\t\t<div class=\"elementor-element elementor-element-df92b78 elementor-widget elementor-widget-loire_core_section_title\" data-id=\"df92b78\" data-element_type=\"widget\" data-widget_type=\"loire_core_section_title.default\">\n\t\t\t\t<div class=\"elementor-widget-container\">\n\t\t\t\t\t<div class=\"qodef-shortcode qodef-m  qodef-section-title qodef-alignment--center \">\n\t\t<p class=\"qodef-m-subtitle\" >feedback<\/p>\n\t\t<h2 class=\"qodef-m-title\" >\n\t\t\t\t\tPlease leave us your feedback!\t\t\t<\/h2>\n\t\t<p class=\"qodef-m-text\" style=\"font-style: normal\">Have you already tasted R\u00dc\u00dcBE craft vodka?<\/p>\n<\/div>\n\t\t\t\t<\/div>\n\t\t\t\t<\/div>\n\t\t\t\t<div class=\"elementor-element elementor-element-3df8654 elementor-widget elementor-widget-spacer\" data-id=\"3df8654\" data-element_type=\"widget\" data-widget_type=\"spacer.default\">\n\t\t\t\t<div class=\"elementor-widget-container\">\n\t\t\t\t\t\t\t<div class=\"elementor-spacer\">\n\t\t\t<div class=\"elementor-spacer-inner\"><\/div>\n\t\t<\/div>\n\t\t\t\t\t\t<\/div>\n\t\t\t\t<\/div>\n\t\t\t\t<div class=\"elementor-element elementor-element-8fabb24 elementor-widget elementor-widget-wp-widget-loire_core_contact_form_7\" data-id=\"8fabb24\" data-element_type=\"widget\" data-widget_type=\"wp-widget-loire_core_contact_form_7.default\">\n\t\t\t\t<div class=\"elementor-widget-container\">\n\t\t\t\t\t\t\t\t<div class=\"qodef-contact-form-7\">\n\t\t\t\t\n<div class=\"wpcf7 no-js\" id=\"wpcf7-f6271-o1\" lang=\"en-US\" dir=\"ltr\" data-wpcf7-id=\"6271\">\n<div class=\"screen-reader-response\"><p role=\"status\" aria-live=\"polite\" aria-atomic=\"true\"><\/p> <ul><\/ul><\/div>\n<form action=\"\/en\/wp-json\/wp\/v2\/pages\/6260#wpcf7-f6271-o1\" method=\"post\" class=\"wpcf7-form init\" aria-label=\"Contact form\" novalidate=\"novalidate\" data-status=\"init\">\n<fieldset class=\"hidden-fields-container\"><input type=\"hidden\" name=\"_wpcf7\" value=\"6271\" \/><input type=\"hidden\" name=\"_wpcf7_version\" value=\"6.1.4\" \/><input type=\"hidden\" name=\"_wpcf7_locale\" value=\"en_US\" \/><input type=\"hidden\" name=\"_wpcf7_unit_tag\" value=\"wpcf7-f6271-o1\" \/><input type=\"hidden\" name=\"_wpcf7_container_post\" value=\"0\" \/><input type=\"hidden\" name=\"_wpcf7_posted_data_hash\" value=\"\" \/><input type=\"hidden\" name=\"_wpcf7_recaptcha_response\" value=\"\" \/>\n<\/fieldset>\n<div class=\"qodef-grid qodef-layout--columns qodef-gutter--small qodef-col-num--2 qodef-responsive--predefined\">\n    <div class=\"qodef-grid-inner clear\">\n        <div class=\"qodef-grid-item\" style=\"margin: 0;\"><span class=\"wpcf7-form-control-wrap\" data-name=\"first-name\"><input size=\"40\" maxlength=\"400\" class=\"wpcf7-form-control wpcf7-text wpcf7-validates-as-required\" aria-required=\"true\" aria-invalid=\"false\" placeholder=\"Eesnimi\" value=\"\" type=\"text\" name=\"first-name\" \/><\/span><\/div>\n        <div class=\"qodef-grid-item\" style=\"margin: 0;\"><span class=\"wpcf7-form-control-wrap\" data-name=\"last-name\"><input size=\"40\" maxlength=\"400\" class=\"wpcf7-form-control wpcf7-text wpcf7-validates-as-required\" aria-required=\"true\" aria-invalid=\"false\" placeholder=\"Perekonnanimi\" value=\"\" type=\"text\" name=\"last-name\" \/><\/span><\/div>\n        <div class=\"qodef-grid-item\" style=\"margin: 0;\"><span class=\"wpcf7-form-control-wrap\" data-name=\"company-place\"><input size=\"40\" maxlength=\"400\" class=\"wpcf7-form-control wpcf7-text\" aria-invalid=\"false\" placeholder=\"Ametikoht\" value=\"\" type=\"text\" name=\"company-place\" \/><\/span><\/div>\n    <\/div>\n    <div><span class=\"wpcf7-form-control-wrap\" data-name=\"feedback\"><textarea cols=\"40\" rows=\"10\" maxlength=\"2000\" class=\"wpcf7-form-control wpcf7-textarea wpcf7-validates-as-required\" aria-required=\"true\" aria-invalid=\"false\" placeholder=\"Sinu tagasiside...\" name=\"feedback\"><\/textarea><\/span><\/div>\n    <div style=\"text-align: center; margin-top: 35px;\"><button class=\"wpcf7-form-control wpcf7-submit qodef-button qodef-size--normal qodef-layout--filled qodef-m\" type=\"submit\"><span class=\"qodef-m-text\">Saada<\/span><\/button><\/div>\n<\/div><div class=\"wpcf7-response-output\" aria-hidden=\"true\"><\/div>\n<\/form>\n<\/div>\n\t\t\t<\/div>\n\t\t\t\t\t\t\t<\/div>\n\t\t\t\t<\/div>\n\t\t\t\t\t<\/div>\n\t\t<\/div>\n\t\t\t\t\t<\/div>\n\t\t<\/section>\n\t\t<div class=\"elementor-element elementor-element-2444294 e-flex e-con-boxed e-con e-parent\" data-id=\"2444294\" data-element_type=\"container\">\n\t\t\t\t\t<div class=\"e-con-inner\">\n\t\t\t\t<div class=\"elementor-element elementor-element-8cc7f42 elementor-widget elementor-widget-heading\" data-id=\"8cc7f42\" data-element_type=\"widget\" data-widget_type=\"heading.default\">\n\t\t\t\t<div class=\"elementor-widget-container\">\n\t\t\t\t\t<h2 class=\"elementor-heading-title elementor-size-default\">Our clients feedback<\/h2>\t\t\t\t<\/div>\n\t\t\t\t<\/div>\n\t\t\t\t<div class=\"elementor-element elementor-element-f887bdd elementor-widget elementor-widget-qi_addons_for_elementor_testimonials_slider\" data-id=\"f887bdd\" data-element_type=\"widget\" data-widget_type=\"qi_addons_for_elementor_testimonials_slider.default\">\n\t\t\t\t<div class=\"elementor-widget-container\">\n\t\t\t\t\t<div class=\"qodef-shortcode qodef-m  qodef-qi-testimonials-slider qodef--swiper-fade qodef-qi-grid qodef-qi-swiper-container qodef-item-layout--info-below qodef-navigation--outside      qodef-navigation--hover-move\" data-options=\"{&quot;direction&quot;:&quot;horizontal&quot;,&quot;slidesPerView&quot;:&quot;1&quot;,&quot;spaceBetween&quot;:30,&quot;spaceBetweenTablet&quot;:30,&quot;spaceBetweenMobile&quot;:30,&quot;effect&quot;:&quot;&quot;,&quot;loop&quot;:true,&quot;autoplay&quot;:true,&quot;centeredSlides&quot;:false,&quot;speed&quot;:&quot;&quot;,&quot;speedAnimation&quot;:&quot;&quot;,&quot;outsideNavigation&quot;:&quot;yes&quot;,&quot;outsidePagination&quot;:&quot;no&quot;,&quot;unique&quot;:&quot;1&quot;,&quot;partialValue&quot;:0,&quot;disablePartialValue&quot;:&quot;&quot;}\">\n\t<div class=\"swiper-wrapper\">\n\t\t<div class=\"qodef-e swiper-slide elementor-repeater-item-882146a\">\n\t<div class=\"qodef-e-inner\">\n\t\t\t\t<div class=\"qodef-e-content\">\n\t\t\t\t<div class=\"qodef-e-quote\">\n\t\t<svg class=\"qodef-e-quote-icon\" xmlns=\"http:\/\/www.w3.org\/2000\/svg\" xmlns:xlink=\"http:\/\/www.w3.org\/1999\/xlink\" x=\"0px\" y=\"0px\" viewBox=\"0 0 190.5 148\" xml:space=\"preserve\"><g><path d=\"M37.7,146.3L2.1,124.6C19.3,100,28.2,74.1,28.8,46.7V2.3H90v38.8c0,19.3-5,38.8-15.1,58.4C64.9,119,52.5,134.6,37.7,146.3z M133.7,146.3l-35.6-21.7c17.2-24.5,26.2-50.5,26.8-77.9V2.3h61.2v38.8c0,19.3-5,38.8-15.1,58.4C160.9,119,148.5,134.6,133.7,146.3z\"\/><\/g><\/svg>\t<\/div>\n\t\t\t\t\t\t\t\t<h3 itemprop=\"description\" class=\"qodef-e-text\">\n\t\"Already when pouring out R\u00fc\u00fcbe, the aroma of the vodka made me want to pair it with a beautifully grilled piece of lamb. That was the first time for me when vodka aromas give me an instant association of a certain dish.\n<br><br>\nYou do not need anything to wash down R\u00fc\u00fcbe\u2019s vodka \u2013 it has a very clear taste and is clearly the first culinary vodka for me.\n<br><br>\nThe fireweed R\u00fc\u00fcbe impresses me with it\u2019s clarity in aroma and flavor. The good thing is that the ideas, that you gather during tasting the vodka, are still clear in the morning. \n<br><br>\nTogether with my family I\u2019m a big fan of fermented fireweed tea. Tasting the R\u00fc\u00fcbe vodka felt like meeting my morning friend but in the evening.\u201c\t<\/h3>\n\t\t\t\t<div class=\"qodef-e-author\">\n\t\t<h5 class=\"qodef-e-author-name\">RAIN K\u00c4\u00c4RST<\/h5>\n\t\t\t\t\t<span class=\"qodef-e-author-job\">Top chef, Estonian BBQ champion<\/span>\n\t\t\t<\/div>\n\t\t<\/div>\n\t<\/div>\n<\/div>\n<div class=\"qodef-e swiper-slide elementor-repeater-item-55df6cb\">\n\t<div class=\"qodef-e-inner\">\n\t\t\t\t<div class=\"qodef-e-content\">\n\t\t\t\t<div class=\"qodef-e-quote\">\n\t\t<svg class=\"qodef-e-quote-icon\" xmlns=\"http:\/\/www.w3.org\/2000\/svg\" xmlns:xlink=\"http:\/\/www.w3.org\/1999\/xlink\" x=\"0px\" y=\"0px\" viewBox=\"0 0 190.5 148\" xml:space=\"preserve\"><g><path d=\"M37.7,146.3L2.1,124.6C19.3,100,28.2,74.1,28.8,46.7V2.3H90v38.8c0,19.3-5,38.8-15.1,58.4C64.9,119,52.5,134.6,37.7,146.3z M133.7,146.3l-35.6-21.7c17.2-24.5,26.2-50.5,26.8-77.9V2.3h61.2v38.8c0,19.3-5,38.8-15.1,58.4C160.9,119,148.5,134.6,133.7,146.3z\"\/><\/g><\/svg>\t<\/div>\n\t\t\t\t\t\t\t\t<h3 itemprop=\"description\" class=\"qodef-e-text\">\n\t\u201eR\u00fc\u00fcbe vodka should be drank in room temperature \u2013 only mediocre vodka shoud be drank cold. This clearly states that R\u00fc\u00fcbe is the flagship of highest quality vodkas.<br><br>\n\nGinger R\u00dc\u00dcBE has an amazing aroma and extraordinary interesting taste. I think, that the fireweed R\u00dc\u00dcBE should represent the whole Eastern Estonia, the region that keeps alive the legacy of fireweed tea known as Ivan Chai.\u201d\u201c\t<\/h3>\n\t\t\t\t<div class=\"qodef-e-author\">\n\t\t<h5 class=\"qodef-e-author-name\">INDREK K\u00d5VERIK<\/h5>\n\t\t\t\t\t<span class=\"qodef-e-author-job\">Headchef of restaurant Franzia<\/span>\n\t\t\t<\/div>\n\t\t<\/div>\n\t<\/div>\n<\/div>\n<div class=\"qodef-e swiper-slide elementor-repeater-item-2bc4386\">\n\t<div class=\"qodef-e-inner\">\n\t\t\t\t<div class=\"qodef-e-content\">\n\t\t\t\t<div class=\"qodef-e-quote\">\n\t\t<svg class=\"qodef-e-quote-icon\" xmlns=\"http:\/\/www.w3.org\/2000\/svg\" xmlns:xlink=\"http:\/\/www.w3.org\/1999\/xlink\" x=\"0px\" y=\"0px\" viewBox=\"0 0 190.5 148\" xml:space=\"preserve\"><g><path d=\"M37.7,146.3L2.1,124.6C19.3,100,28.2,74.1,28.8,46.7V2.3H90v38.8c0,19.3-5,38.8-15.1,58.4C64.9,119,52.5,134.6,37.7,146.3z M133.7,146.3l-35.6-21.7c17.2-24.5,26.2-50.5,26.8-77.9V2.3h61.2v38.8c0,19.3-5,38.8-15.1,58.4C160.9,119,148.5,134.6,133.7,146.3z\"\/><\/g><\/svg>\t<\/div>\n\t\t\t\t\t\t\t\t<h3 itemprop=\"description\" class=\"qodef-e-text\">\n\t\u201eCraft-vodka brand R\u00fc\u00fcbe offers both classical tastes and something new and exciting. It\u2019s great for just enjoyment but also for making cocktails and other mixed drinks.\u201c\t<\/h3>\n\t\t\t\t<div class=\"qodef-e-author\">\n\t\t<h5 class=\"qodef-e-author-name\">KRISTJAN MARKII<\/h5>\n\t\t\t\t\t<span class=\"qodef-e-author-job\">sommelier and gastronome<\/span>\n\t\t\t<\/div>\n\t\t<\/div>\n\t<\/div>\n<\/div>\n<div class=\"qodef-e swiper-slide elementor-repeater-item-ee21a84\">\n\t<div class=\"qodef-e-inner\">\n\t\t\t\t<div class=\"qodef-e-content\">\n\t\t\t\t<div class=\"qodef-e-quote\">\n\t\t<svg class=\"qodef-e-quote-icon\" xmlns=\"http:\/\/www.w3.org\/2000\/svg\" xmlns:xlink=\"http:\/\/www.w3.org\/1999\/xlink\" x=\"0px\" y=\"0px\" viewBox=\"0 0 190.5 148\" xml:space=\"preserve\"><g><path d=\"M37.7,146.3L2.1,124.6C19.3,100,28.2,74.1,28.8,46.7V2.3H90v38.8c0,19.3-5,38.8-15.1,58.4C64.9,119,52.5,134.6,37.7,146.3z M133.7,146.3l-35.6-21.7c17.2-24.5,26.2-50.5,26.8-77.9V2.3h61.2v38.8c0,19.3-5,38.8-15.1,58.4C160.9,119,148.5,134.6,133.7,146.3z\"\/><\/g><\/svg>\t<\/div>\n\t\t\t\t\t\t\t\t<h3 itemprop=\"description\" class=\"qodef-e-text\">\n\tWe taste tested R\u00fc\u00fcbe\u2019s craft vodkas with 14 TalTech Open University Culinary Management academy 8th graduation class students under the instructions of top sommelier Aivar Vipper. All taste tested vodkas were beautifully clear, since they are 100% organic products. The vodkas received the following feedback:<br><br>\n\nCRAFT VODKA \u201eHALJAS\u201c:<br><br>\n we tasted the maturity and sweetness of rye. It\u2019s a well balanced clear traditional vodka with clean flavour. The after taste contains the sweetness of rye. \u201cHaljas\u201d vodka would be a real adornment on any party table.<br><br>\n\nAverage rating: 8,31\t<\/h3>\n\t\t\t\t<div class=\"qodef-e-author\">\n\t\t<h5 class=\"qodef-e-author-name\">RITTA ROOSAAR<\/h5>\n\t\t\t\t\t<span class=\"qodef-e-author-job\">TalTech Open University &amp; Estonian Entrepreneurship Shool Mainor lecturer<\/span>\n\t\t\t<\/div>\n\t\t<\/div>\n\t<\/div>\n<\/div>\n<div class=\"qodef-e swiper-slide elementor-repeater-item-7a51863\">\n\t<div class=\"qodef-e-inner\">\n\t\t\t\t<div class=\"qodef-e-content\">\n\t\t\t\t<div class=\"qodef-e-quote\">\n\t\t<svg class=\"qodef-e-quote-icon\" xmlns=\"http:\/\/www.w3.org\/2000\/svg\" xmlns:xlink=\"http:\/\/www.w3.org\/1999\/xlink\" x=\"0px\" y=\"0px\" viewBox=\"0 0 190.5 148\" xml:space=\"preserve\"><g><path d=\"M37.7,146.3L2.1,124.6C19.3,100,28.2,74.1,28.8,46.7V2.3H90v38.8c0,19.3-5,38.8-15.1,58.4C64.9,119,52.5,134.6,37.7,146.3z M133.7,146.3l-35.6-21.7c17.2-24.5,26.2-50.5,26.8-77.9V2.3h61.2v38.8c0,19.3-5,38.8-15.1,58.4C160.9,119,148.5,134.6,133.7,146.3z\"\/><\/g><\/svg>\t<\/div>\n\t\t\t\t\t\t\t\t<h3 itemprop=\"description\" class=\"qodef-e-text\">\n\tR\u00fc\u00fcbe \u201eHaljas\u201c   \u2013 a vodka which is as clear as glass, with a slight viscosity, with a clear scent and slightly spicy undertone. From flavours you can distinctly feel spices and sweetness. Packaged nicely. Nice clear product, I recommend to enjoy it in moderation. 90 points out of a 100 from me.<br><br>\nR\u00fc\u00fcbe \u201eGinger-Mint\u201c  \u2013 clear colored, has strong scent of mint in it\u2019s aroma. In flavours dominates peppermint, which is slightly mixed with ginger.<br><br>\nR\u00fc\u00fcbe\u2019s \u201eFireweed\u201c vodka \u2013 clear coloured, with a distinct herbal scent, associates with bog and smells of summer forest plants. Tastes slightly spicy, the taste is even more tempting than the aroma.<br><br>\nThe last two (ginger-mind and fireweed) I would rather recommend for cocktail making.<br><br>\nPS. The drinks were taste tested at +10 celcius from a tulip-shaped glass.\u201d\t<\/h3>\n\t\t\t\t<div class=\"qodef-e-author\">\n\t\t<h5 class=\"qodef-e-author-name\">AARE KAROLIN<\/h5>\n\t\t\t\t\t<span class=\"qodef-e-author-job\">Drink specialist, internationally certified critic of wines and spirits<\/span>\n\t\t\t<\/div>\n\t\t<\/div>\n\t<\/div>\n<\/div>\n\t<\/div>\n\t<\/div>\n\t\t<div class=\"swiper-button-prev swiper-button-outside swiper-button-prev-1\"><svg class=\"qodef-swiper-arrow-left\" xmlns=\"http:\/\/www.w3.org\/2000\/svg\" xmlns:xlink=\"http:\/\/www.w3.org\/1999\/xlink\" x=\"0px\" y=\"0px\" viewBox=\"0 0 34.2 32.3\" xml:space=\"preserve\" style=\"stroke-width: 2;\"><line x1=\"0.5\" y1=\"16\" x2=\"33.5\" y2=\"16\"\/><line x1=\"0.3\" y1=\"16.5\" x2=\"16.2\" y2=\"0.7\"\/><line x1=\"0\" y1=\"15.4\" x2=\"16.2\" y2=\"31.6\"\/><\/svg><\/div>\n\t<div class=\"swiper-button-next swiper-button-outside swiper-button-next-1\"><svg class=\"qodef-swiper-arrow-right\" xmlns=\"http:\/\/www.w3.org\/2000\/svg\" xmlns:xlink=\"http:\/\/www.w3.org\/1999\/xlink\" x=\"0px\" y=\"0px\" viewBox=\"0 0 34.2 32.3\" xml:space=\"preserve\" style=\"stroke-width: 2;\"><line x1=\"0\" y1=\"16\" x2=\"33\" y2=\"16\"\/><line x1=\"17.3\" y1=\"0.7\" x2=\"33.2\" y2=\"16.5\"\/><line x1=\"17.3\" y1=\"31.6\" x2=\"33.5\" y2=\"15.4\"\/><\/svg><\/div>\n\t\t\t\t\t<\/div>\n\t\t\t\t<\/div>\n\t\t\t\t\t<\/div>\n\t\t\t\t<\/div>\n\t\t\t\t<\/div>\n\t\t","protected":false},"excerpt":{"rendered":"<p>feedback Please leave us your feedback! Have you already tasted R\u00dc\u00dcBE craft vodka? Our clients feedback &#8220;Already when pouring out R\u00fc\u00fcbe, the aroma of the vodka made me want to pair it with a beautifully grilled piece of lamb. That was the first time for me when vodka aromas give me an instant association of [&hellip;]<\/p>\n","protected":false},"author":2,"featured_media":0,"parent":0,"menu_order":0,"comment_status":"closed","ping_status":"closed","template":"page-full-width.php","meta":{"footnotes":""},"class_list":["post-6260","page","type-page","status-publish","hentry"],"yoast_head":"<!-- This site is optimized with the Yoast SEO plugin v26.6 - https:\/\/yoast.com\/wordpress\/plugins\/seo\/ -->\n<title>Clients feedback - Surakas<\/title>\n<meta name=\"robots\" content=\"index, follow, max-snippet:-1, max-image-preview:large, max-video-preview:-1\" \/>\n<link rel=\"canonical\" href=\"https:\/\/surakas.ee\/en\/clients-feedback\/\" \/>\n<meta property=\"og:locale\" content=\"en_US\" \/>\n<meta property=\"og:type\" content=\"article\" \/>\n<meta property=\"og:title\" content=\"Clients feedback - Surakas\" \/>\n<meta property=\"og:description\" content=\"feedback Please leave us your feedback! Have you already tasted R\u00dc\u00dcBE craft vodka? Our clients feedback &#8220;Already when pouring out R\u00fc\u00fcbe, the aroma of the vodka made me want to pair it with a beautifully grilled piece of lamb. That was the first time for me when vodka aromas give me an instant association of [&hellip;]\" \/>\n<meta property=\"og:url\" content=\"https:\/\/surakas.ee\/en\/clients-feedback\/\" \/>\n<meta property=\"og:site_name\" content=\"Surakas\" \/>\n<meta property=\"article:modified_time\" content=\"2024-05-13T12:19:45+00:00\" \/>\n<meta name=\"twitter:card\" content=\"summary_large_image\" \/>\n<meta name=\"twitter:label1\" content=\"Est. reading time\" \/>\n\t<meta name=\"twitter:data1\" content=\"7 minutes\" \/>\n<script type=\"application\/ld+json\" class=\"yoast-schema-graph\">{\"@context\":\"https:\/\/schema.org\",\"@graph\":[{\"@type\":\"WebPage\",\"@id\":\"https:\/\/surakas.ee\/en\/clients-feedback\/\",\"url\":\"https:\/\/surakas.ee\/en\/clients-feedback\/\",\"name\":\"Clients feedback - Surakas\",\"isPartOf\":{\"@id\":\"https:\/\/surakas.ee\/#website\"},\"datePublished\":\"2022-04-26T06:26:27+00:00\",\"dateModified\":\"2024-05-13T12:19:45+00:00\",\"breadcrumb\":{\"@id\":\"https:\/\/surakas.ee\/en\/clients-feedback\/#breadcrumb\"},\"inLanguage\":\"en-US\",\"potentialAction\":[{\"@type\":\"ReadAction\",\"target\":[\"https:\/\/surakas.ee\/en\/clients-feedback\/\"]}]},{\"@type\":\"BreadcrumbList\",\"@id\":\"https:\/\/surakas.ee\/en\/clients-feedback\/#breadcrumb\",\"itemListElement\":[{\"@type\":\"ListItem\",\"position\":1,\"name\":\"Home\",\"item\":\"https:\/\/surakas.ee\/en\/\"},{\"@type\":\"ListItem\",\"position\":2,\"name\":\"Clients feedback\"}]},{\"@type\":\"WebSite\",\"@id\":\"https:\/\/surakas.ee\/#website\",\"url\":\"https:\/\/surakas.ee\/\",\"name\":\"Surakas\",\"description\":\"\",\"publisher\":{\"@id\":\"https:\/\/surakas.ee\/#organization\"},\"potentialAction\":[{\"@type\":\"SearchAction\",\"target\":{\"@type\":\"EntryPoint\",\"urlTemplate\":\"https:\/\/surakas.ee\/?s={search_term_string}\"},\"query-input\":{\"@type\":\"PropertyValueSpecification\",\"valueRequired\":true,\"valueName\":\"search_term_string\"}}],\"inLanguage\":\"en-US\"},{\"@type\":\"Organization\",\"@id\":\"https:\/\/surakas.ee\/#organization\",\"name\":\"Surakas\",\"url\":\"https:\/\/surakas.ee\/\",\"logo\":{\"@type\":\"ImageObject\",\"inLanguage\":\"en-US\",\"@id\":\"https:\/\/surakas.ee\/#\/schema\/logo\/image\/\",\"url\":\"https:\/\/surakas.ee\/wp-content\/uploads\/2024\/03\/Surakas-logo.png\",\"contentUrl\":\"https:\/\/surakas.ee\/wp-content\/uploads\/2024\/03\/Surakas-logo.png\",\"width\":754,\"height\":406,\"caption\":\"Surakas\"},\"image\":{\"@id\":\"https:\/\/surakas.ee\/#\/schema\/logo\/image\/\"}}]}<\/script>\n<!-- \/ Yoast SEO plugin. -->","yoast_head_json":{"title":"Clients feedback - Surakas","robots":{"index":"index","follow":"follow","max-snippet":"max-snippet:-1","max-image-preview":"max-image-preview:large","max-video-preview":"max-video-preview:-1"},"canonical":"https:\/\/surakas.ee\/en\/clients-feedback\/","og_locale":"en_US","og_type":"article","og_title":"Clients feedback - Surakas","og_description":"feedback Please leave us your feedback! Have you already tasted R\u00dc\u00dcBE craft vodka? Our clients feedback &#8220;Already when pouring out R\u00fc\u00fcbe, the aroma of the vodka made me want to pair it with a beautifully grilled piece of lamb. That was the first time for me when vodka aromas give me an instant association of [&hellip;]","og_url":"https:\/\/surakas.ee\/en\/clients-feedback\/","og_site_name":"Surakas","article_modified_time":"2024-05-13T12:19:45+00:00","twitter_card":"summary_large_image","twitter_misc":{"Est. reading time":"7 minutes"},"schema":{"@context":"https:\/\/schema.org","@graph":[{"@type":"WebPage","@id":"https:\/\/surakas.ee\/en\/clients-feedback\/","url":"https:\/\/surakas.ee\/en\/clients-feedback\/","name":"Clients feedback - Surakas","isPartOf":{"@id":"https:\/\/surakas.ee\/#website"},"datePublished":"2022-04-26T06:26:27+00:00","dateModified":"2024-05-13T12:19:45+00:00","breadcrumb":{"@id":"https:\/\/surakas.ee\/en\/clients-feedback\/#breadcrumb"},"inLanguage":"en-US","potentialAction":[{"@type":"ReadAction","target":["https:\/\/surakas.ee\/en\/clients-feedback\/"]}]},{"@type":"BreadcrumbList","@id":"https:\/\/surakas.ee\/en\/clients-feedback\/#breadcrumb","itemListElement":[{"@type":"ListItem","position":1,"name":"Home","item":"https:\/\/surakas.ee\/en\/"},{"@type":"ListItem","position":2,"name":"Clients feedback"}]},{"@type":"WebSite","@id":"https:\/\/surakas.ee\/#website","url":"https:\/\/surakas.ee\/","name":"Surakas","description":"","publisher":{"@id":"https:\/\/surakas.ee\/#organization"},"potentialAction":[{"@type":"SearchAction","target":{"@type":"EntryPoint","urlTemplate":"https:\/\/surakas.ee\/?s={search_term_string}"},"query-input":{"@type":"PropertyValueSpecification","valueRequired":true,"valueName":"search_term_string"}}],"inLanguage":"en-US"},{"@type":"Organization","@id":"https:\/\/surakas.ee\/#organization","name":"Surakas","url":"https:\/\/surakas.ee\/","logo":{"@type":"ImageObject","inLanguage":"en-US","@id":"https:\/\/surakas.ee\/#\/schema\/logo\/image\/","url":"https:\/\/surakas.ee\/wp-content\/uploads\/2024\/03\/Surakas-logo.png","contentUrl":"https:\/\/surakas.ee\/wp-content\/uploads\/2024\/03\/Surakas-logo.png","width":754,"height":406,"caption":"Surakas"},"image":{"@id":"https:\/\/surakas.ee\/#\/schema\/logo\/image\/"}}]}},"_links":{"self":[{"href":"https:\/\/surakas.ee\/en\/wp-json\/wp\/v2\/pages\/6260","targetHints":{"allow":["GET"]}}],"collection":[{"href":"https:\/\/surakas.ee\/en\/wp-json\/wp\/v2\/pages"}],"about":[{"href":"https:\/\/surakas.ee\/en\/wp-json\/wp\/v2\/types\/page"}],"author":[{"embeddable":true,"href":"https:\/\/surakas.ee\/en\/wp-json\/wp\/v2\/users\/2"}],"replies":[{"embeddable":true,"href":"https:\/\/surakas.ee\/en\/wp-json\/wp\/v2\/comments?post=6260"}],"version-history":[{"count":13,"href":"https:\/\/surakas.ee\/en\/wp-json\/wp\/v2\/pages\/6260\/revisions"}],"predecessor-version":[{"id":6274,"href":"https:\/\/surakas.ee\/en\/wp-json\/wp\/v2\/pages\/6260\/revisions\/6274"}],"wp:attachment":[{"href":"https:\/\/surakas.ee\/en\/wp-json\/wp\/v2\/media?parent=6260"}],"curies":[{"name":"wp","href":"https:\/\/api.w.org\/{rel}","templated":true}]}}