{"id":6720,"date":"2024-10-03T12:47:50","date_gmt":"2024-10-03T09:47:50","guid":{"rendered":"https:\/\/surakas.ee\/reklaamtoode\/"},"modified":"2024-12-02T15:24:11","modified_gmt":"2024-12-02T13:24:11","slug":"advertising-product","status":"publish","type":"page","link":"https:\/\/surakas.ee\/en\/advertising-product\/","title":{"rendered":"advertising product"},"content":{"rendered":"\t\t<div data-elementor-type=\"wp-page\" data-elementor-id=\"6720\" class=\"elementor elementor-6720 elementor-6525\">\n\t\t\t\t<div class=\"elementor-element elementor-element-6ac9d53 e-flex e-con-boxed e-con e-parent\" data-id=\"6ac9d53\" data-element_type=\"container\">\n\t\t\t\t\t<div class=\"e-con-inner\">\n\t\t\t\t<div class=\"elementor-element elementor-element-b26ffed elementor-widget elementor-widget-text-editor\" data-id=\"b26ffed\" data-element_type=\"widget\" data-widget_type=\"text-editor.default\">\n\t\t\t\t<div class=\"elementor-widget-container\">\n\t\t\t\t\t\t\t\t\tPakume Teile suurep\u00e4rast v\u00f5imalust kinkida kvaliteetseid R\u00fc\u00fcbe viinasid ja rummi, mis on toodetud Eestis ettev\u00f5tte Surakas O\u00dc poolt. Kingitused on saadaval nii originaalses pakendis kui ka eritellimusel teile sobivalt kujundatud siltidega.\n\nMeie meeskond aitab r\u00f5\u00f5muga kujundada unikaalse ja isikup\u00e4rase sildi, mis j\u00e4tab meeldej\u00e4\u00e4va mulje. Tehke oma kingitused eriliseks \u2013 v\u00f5tke meiega \u00fchendust juba t\u00e4na!\t\t\t\t\t\t\t\t<\/div>\n\t\t\t\t<\/div>\n\t\t\t\t<div class=\"elementor-element elementor-element-8f1a5ca elementor-widget elementor-widget-qi_addons_for_elementor_icon_with_text\" data-id=\"8f1a5ca\" data-element_type=\"widget\" data-widget_type=\"qi_addons_for_elementor_icon_with_text.default\">\n\t\t\t\t<div class=\"elementor-widget-container\">\n\t\t\t\t\t<div class=\"qodef-shortcode qodef-m  qodef-qi-icon-with-text qodef-layout--before-content    qodef--icon-pack qodef-column-responsive--never\" >\n\t\t\t<div class=\"qodef-m-icon-wrapper\">\n\t\t\t\t<div class=\"qodef-m-icon-holder\">\n\t\t<svg aria-hidden=\"true\" class=\"e-font-icon-svg e-fas-arrow-down\" viewBox=\"0 0 448 512\" xmlns=\"http:\/\/www.w3.org\/2000\/svg\"><path d=\"M413.1 222.5l22.2 22.2c9.4 9.4 9.4 24.6 0 33.9L241 473c-9.4 9.4-24.6 9.4-33.9 0L12.7 278.6c-9.4-9.4-9.4-24.6 0-33.9l22.2-22.2c9.5-9.5 25-9.3 34.3.4L184 343.4V56c0-13.3 10.7-24 24-24h32c13.3 0 24 10.7 24 24v287.4l114.8-120.5c9.3-9.8 24.8-10 34.3-.4z\"><\/path><\/svg>\t<\/div>\n\t\t<\/div>\n\t\t<div class=\"qodef-m-content\">\n\t\t\t\t\t\t\t<div class=\"qodef-m-text\"><p style=\"font-weight: 400\"><strong>Siin on m\u00f5ned n\u00e4idised <\/strong><\/p><\/div>\n\t\t\t<\/div>\n<\/div>\n\t\t\t\t<\/div>\n\t\t\t\t<\/div>\n\t\t\t\t\t<\/div>\n\t\t\t\t<\/div>\n\t\t<div class=\"elementor-element elementor-element-bd6aa39 e-flex e-con-boxed e-con e-parent\" data-id=\"bd6aa39\" data-element_type=\"container\">\n\t\t\t\t\t<div class=\"e-con-inner\">\n\t\t\t\t<div class=\"elementor-element elementor-element-087b021 elementor-arrows-position-outside elementor-pagination-position-outside elementor-widget elementor-widget-image-carousel\" data-id=\"087b021\" data-element_type=\"widget\" data-settings=\"{&quot;slides_to_show&quot;:&quot;1&quot;,&quot;navigation&quot;:&quot;both&quot;,&quot;autoplay&quot;:&quot;yes&quot;,&quot;pause_on_hover&quot;:&quot;yes&quot;,&quot;pause_on_interaction&quot;:&quot;yes&quot;,&quot;autoplay_speed&quot;:5000,&quot;infinite&quot;:&quot;yes&quot;,&quot;effect&quot;:&quot;slide&quot;,&quot;speed&quot;:500}\" data-widget_type=\"image-carousel.default\">\n\t\t\t\t<div class=\"elementor-widget-container\">\n\t\t\t\t\t\t\t<div class=\"elementor-image-carousel-wrapper swiper\" role=\"region\" aria-roledescription=\"carousel\" aria-label=\"Image Carousel\" dir=\"ltr\">\n\t\t\t<div class=\"elementor-image-carousel swiper-wrapper\" aria-live=\"off\">\n\t\t\t\t\t\t\t\t<div class=\"swiper-slide\" role=\"group\" aria-roledescription=\"slide\" aria-label=\"1 of 4\"><a data-elementor-open-lightbox=\"yes\" data-elementor-lightbox-slideshow=\"087b021\" data-elementor-lightbox-title=\"Artiston-pudeli-silt-\" data-e-action-hash=\"#elementor-action%3Aaction%3Dlightbox%26settings%3DeyJpZCI6NjU4OCwidXJsIjoiaHR0cHM6XC9cL3N1cmFrYXMuZWVcL3dwLWNvbnRlbnRcL3VwbG9hZHNcLzIwMjRcLzEwXC9BcnRpc3Rvbi1wdWRlbGktc2lsdC0uanBnIiwic2xpZGVzaG93IjoiMDg3YjAyMSJ9\" href=\"https:\/\/surakas.ee\/wp-content\/uploads\/2024\/10\/Artiston-pudeli-silt-.jpg\"><figure class=\"swiper-slide-inner\"><img decoding=\"async\" class=\"swiper-slide-image\" src=\"https:\/\/surakas.ee\/wp-content\/uploads\/2024\/10\/Artiston-pudeli-silt-.jpg\" alt=\"Artiston-pudeli-silt-\" \/><\/figure><\/a><\/div><div class=\"swiper-slide\" role=\"group\" aria-roledescription=\"slide\" aria-label=\"2 of 4\"><a data-elementor-open-lightbox=\"yes\" data-elementor-lightbox-slideshow=\"087b021\" data-elementor-lightbox-title=\"Tehpack-po\u0303drakanepi-ru\u0308u\u0308be\" data-e-action-hash=\"#elementor-action%3Aaction%3Dlightbox%26settings%3DeyJpZCI6NjU5MCwidXJsIjoiaHR0cHM6XC9cL3N1cmFrYXMuZWVcL3dwLWNvbnRlbnRcL3VwbG9hZHNcLzIwMjRcLzEwXC9UZWhwYWNrLXBvZHJha2FuZXBpLXJ1dWJlLmpwZyIsInNsaWRlc2hvdyI6IjA4N2IwMjEifQ%3D%3D\" href=\"https:\/\/surakas.ee\/wp-content\/uploads\/2024\/10\/Tehpack-podrakanepi-ruube.jpg\"><figure class=\"swiper-slide-inner\"><img decoding=\"async\" class=\"swiper-slide-image\" src=\"https:\/\/surakas.ee\/wp-content\/uploads\/2024\/10\/Tehpack-podrakanepi-ruube.jpg\" alt=\"Tehpack-po\u0303drakanepi-ru\u0308u\u0308be\" \/><\/figure><\/a><\/div><div class=\"swiper-slide\" role=\"group\" aria-roledescription=\"slide\" aria-label=\"3 of 4\"><a data-elementor-open-lightbox=\"yes\" data-elementor-lightbox-slideshow=\"087b021\" data-elementor-lightbox-title=\"Ortg_haljas_ru\u0308u\u0308be_\" data-e-action-hash=\"#elementor-action%3Aaction%3Dlightbox%26settings%3DeyJpZCI6NjU5MiwidXJsIjoiaHR0cHM6XC9cL3N1cmFrYXMuZWVcL3dwLWNvbnRlbnRcL3VwbG9hZHNcLzIwMjRcLzEwXC9PcnRnX2hhbGphc19ydXViZV8uanBnIiwic2xpZGVzaG93IjoiMDg3YjAyMSJ9\" href=\"https:\/\/surakas.ee\/wp-content\/uploads\/2024\/10\/Ortg_haljas_ruube_.jpg\"><figure class=\"swiper-slide-inner\"><img decoding=\"async\" class=\"swiper-slide-image\" src=\"https:\/\/surakas.ee\/wp-content\/uploads\/2024\/10\/Ortg_haljas_ruube_.jpg\" alt=\"Ortg_haljas_ru\u0308u\u0308be_\" \/><\/figure><\/a><\/div><div class=\"swiper-slide\" role=\"group\" aria-roledescription=\"slide\" aria-label=\"4 of 4\"><a data-elementor-open-lightbox=\"yes\" data-elementor-lightbox-slideshow=\"087b021\" data-elementor-lightbox-title=\"APL-RUUBE-500ml\" data-e-action-hash=\"#elementor-action%3Aaction%3Dlightbox%26settings%3DeyJpZCI6NjYwMywidXJsIjoiaHR0cHM6XC9cL3N1cmFrYXMuZWVcL3dwLWNvbnRlbnRcL3VwbG9hZHNcLzIwMjRcLzEwXC9BUEwtUlVVQkUtNTAwbWwuanBnIiwic2xpZGVzaG93IjoiMDg3YjAyMSJ9\" href=\"https:\/\/surakas.ee\/wp-content\/uploads\/2024\/10\/APL-RUUBE-500ml.jpg\"><figure class=\"swiper-slide-inner\"><img decoding=\"async\" class=\"swiper-slide-image\" src=\"https:\/\/surakas.ee\/wp-content\/uploads\/2024\/10\/APL-RUUBE-500ml.jpg\" alt=\"APL-RUUBE-500ml\" \/><\/figure><\/a><\/div>\t\t\t<\/div>\n\t\t\t\t\t\t\t\t\t\t\t\t<div class=\"elementor-swiper-button elementor-swiper-button-prev\" role=\"button\" tabindex=\"0\">\n\t\t\t\t\t\t<svg aria-hidden=\"true\" class=\"e-font-icon-svg e-eicon-chevron-left\" viewBox=\"0 0 1000 1000\" xmlns=\"http:\/\/www.w3.org\/2000\/svg\"><path d=\"M646 125C629 125 613 133 604 142L308 442C296 454 292 471 292 487 292 504 296 521 308 533L604 854C617 867 629 875 646 875 663 875 679 871 692 858 704 846 713 829 713 812 713 796 708 779 692 767L438 487 692 225C700 217 708 204 708 187 708 171 704 154 692 142 675 129 663 125 646 125Z\"><\/path><\/svg>\t\t\t\t\t<\/div>\n\t\t\t\t\t<div class=\"elementor-swiper-button elementor-swiper-button-next\" role=\"button\" tabindex=\"0\">\n\t\t\t\t\t\t<svg aria-hidden=\"true\" class=\"e-font-icon-svg e-eicon-chevron-right\" viewBox=\"0 0 1000 1000\" xmlns=\"http:\/\/www.w3.org\/2000\/svg\"><path d=\"M696 533C708 521 713 504 713 487 713 471 708 454 696 446L400 146C388 133 375 125 354 125 338 125 325 129 313 142 300 154 292 171 292 187 292 204 296 221 308 233L563 492 304 771C292 783 288 800 288 817 288 833 296 850 308 863 321 871 338 875 354 875 371 875 388 867 400 854L696 533Z\"><\/path><\/svg>\t\t\t\t\t<\/div>\n\t\t\t\t\n\t\t\t\t\t\t\t\t\t<div class=\"swiper-pagination\"><\/div>\n\t\t\t\t\t\t\t\t\t<\/div>\n\t\t\t\t\t\t<\/div>\n\t\t\t\t<\/div>\n\t\t\t\t\t<\/div>\n\t\t\t\t<\/div>\n\t\t<div class=\"elementor-element elementor-element-cac52ab e-flex e-con-boxed e-con e-parent\" data-id=\"cac52ab\" data-element_type=\"container\">\n\t\t\t\t\t<div class=\"e-con-inner\">\n\t\t\t\t<div class=\"elementor-element elementor-element-5e99745 elementor-widget elementor-widget-loire_core_section_title\" data-id=\"5e99745\" data-element_type=\"widget\" data-widget_type=\"loire_core_section_title.default\">\n\t\t\t\t<div class=\"elementor-widget-container\">\n\t\t\t\t\t<div class=\"qodef-shortcode qodef-m  qodef-section-title qodef-alignment--center \">\n\t\t\t<h2 class=\"qodef-m-title\" >\n\t\t\t\t\tSend an inquiry\t\t\t<\/h2>\n\t<\/div>\n\t\t\t\t<\/div>\n\t\t\t\t<\/div>\n\t\t\t\t<div class=\"elementor-element elementor-element-9acf52e elementor-widget__width-initial elementor-widget elementor-widget-wp-widget-loire_core_contact_form_7\" data-id=\"9acf52e\" data-element_type=\"widget\" data-widget_type=\"wp-widget-loire_core_contact_form_7.default\">\n\t\t\t\t<div class=\"elementor-widget-container\">\n\t\t\t\t\t\t\t\t<div class=\"qodef-contact-form-7\">\n\t\t\t\t\n<div class=\"wpcf7 no-js\" id=\"wpcf7-f6725-o1\" lang=\"en-US\" dir=\"ltr\" data-wpcf7-id=\"6725\">\n<div class=\"screen-reader-response\"><p role=\"status\" aria-live=\"polite\" aria-atomic=\"true\"><\/p> <ul><\/ul><\/div>\n<form action=\"\/en\/wp-json\/wp\/v2\/pages\/6720#wpcf7-f6725-o1\" method=\"post\" class=\"wpcf7-form init\" aria-label=\"Contact form\" novalidate=\"novalidate\" data-status=\"init\">\n<fieldset class=\"hidden-fields-container\"><input type=\"hidden\" name=\"_wpcf7\" value=\"6725\" \/><input type=\"hidden\" name=\"_wpcf7_version\" value=\"6.1.4\" \/><input type=\"hidden\" name=\"_wpcf7_locale\" value=\"en_US\" \/><input type=\"hidden\" name=\"_wpcf7_unit_tag\" value=\"wpcf7-f6725-o1\" \/><input type=\"hidden\" name=\"_wpcf7_container_post\" value=\"0\" \/><input type=\"hidden\" name=\"_wpcf7_posted_data_hash\" value=\"\" \/><input type=\"hidden\" name=\"_wpcf7_recaptcha_response\" value=\"\" \/>\n<\/fieldset>\n<div><span class=\"wpcf7-form-control-wrap\" data-name=\"your-name\"><input size=\"40\" maxlength=\"400\" class=\"wpcf7-form-control wpcf7-text wpcf7-validates-as-required\" aria-required=\"true\" aria-invalid=\"false\" placeholder=\"Individual\/Company name *\" value=\"\" type=\"text\" name=\"your-name\" \/><\/span><\/div>\n<div><span class=\"wpcf7-form-control-wrap\" data-name=\"your-email\"><input size=\"40\" maxlength=\"400\" class=\"wpcf7-form-control wpcf7-text wpcf7-validates-as-required\" aria-required=\"true\" aria-invalid=\"false\" placeholder=\"E-post *\" value=\"\" type=\"text\" name=\"your-email\" \/><\/span><span class=\"wpcf7-form-control-wrap\" data-name=\"telefon\"><input size=\"40\" maxlength=\"400\" class=\"wpcf7-form-control wpcf7-tel wpcf7-validates-as-required wpcf7-text wpcf7-validates-as-tel\" aria-required=\"true\" aria-invalid=\"false\" placeholder=\"Phone *\" value=\"\" type=\"tel\" name=\"telefon\" \/><\/span><\/div>\n<div>\n  <span class=\"wpcf7-form-control-wrap\" data-name=\"your-product\"><select class=\"wpcf7-form-control wpcf7-select wpcf7-validates-as-required\" aria-required=\"true\" aria-invalid=\"false\" name=\"your-product\"><option value=\"Select a product\">Select a product<\/option><option value=\"R\u00dc\u00dcBE GINGER-MINT FLAVOURED CRAFT-VODKA VOL 40% 200ml\">R\u00dc\u00dcBE GINGER-MINT FLAVOURED CRAFT-VODKA VOL 40% 200ml<\/option><option value=\"R\u00dc\u00dcBE GINGER-MINT FLAVOURED CRAFT-VODKA VOL 40% 500ml\">R\u00dc\u00dcBE GINGER-MINT FLAVOURED CRAFT-VODKA VOL 40% 500ml<\/option><option value=\"R\u00dc\u00dcBE FIREWEED FLAVOURED CRAFT-VODKA VOL 40% 200ml\">R\u00dc\u00dcBE FIREWEED FLAVOURED CRAFT-VODKA VOL 40% 200ml<\/option><option value=\"R\u00dc\u00dcBE FIREWEED FLAVOURED CRAFT-VODKA VOL 40% 500ml\">R\u00dc\u00dcBE FIREWEED FLAVOURED CRAFT-VODKA VOL 40% 500ml<\/option><option value=\"HANDMADE VODKA R\u00dc\u00dcBE WITH CHILI AND BLACKCURRANT VOL 40% 200ml\">HANDMADE VODKA R\u00dc\u00dcBE WITH CHILI AND BLACKCURRANT VOL 40% 200ml<\/option><option value=\"HANDMADE VODKA R\u00dc\u00dcBE WITH CHILI AND BLACKCURRANT VOL 40% 500ml\">HANDMADE VODKA R\u00dc\u00dcBE WITH CHILI AND BLACKCURRANT VOL 40% 500ml<\/option><option value=\"R\u00dc\u00dcBE WHITE CRAFT RUM RUM \u2116 102 VOL 40% 500ml\">R\u00dc\u00dcBE WHITE CRAFT RUM RUM \u2116 102 VOL 40% 500ml<\/option><option value=\"CRAFT-VODKA \u201eJAHIMEHE\u201c R\u00dc\u00dcBE VOL 40% 500ml\">CRAFT-VODKA \u201eJAHIMEHE\u201c R\u00dc\u00dcBE VOL 40% 500ml<\/option><option value=\"CRAFT VODKA \u201eHALJAS\u201c VOL 40% 200ml\">CRAFT VODKA \u201eHALJAS\u201c VOL 40% 200ml<\/option><option value=\"CRAFT VODKA \u201eHALJAS\u201c VOL 40% 500ml\">CRAFT VODKA \u201eHALJAS\u201c VOL 40% 500ml<\/option><\/select><\/span>\n<\/div>\n<div><span class=\"wpcf7-form-control-wrap\" data-name=\"your-message\"><textarea cols=\"40\" rows=\"4\" maxlength=\"2000\" class=\"wpcf7-form-control wpcf7-textarea wpcf7-validates-as-required\" aria-required=\"true\" aria-invalid=\"false\" placeholder=\"Message *\" name=\"your-message\"><\/textarea><\/span><\/div>\n<div style=\"margin-top: -10px;\"><span>** Describe your request and specify the quantity.<\/span><\/div>\n<div style=\"margin-top: 15px;\">\n    <span class=\"qodef-m-text\"><button class=\"wpcf7-form-control wpcf7-submit qodef-button qodef-size--normal qodef-layout--filled qodef-m\" type=\"submit\"><span class=\"qodef-m-text\">Send<\/span><\/button><\/span>\n<\/div><div class=\"wpcf7-response-output\" aria-hidden=\"true\"><\/div>\n<\/form>\n<\/div>\n\t\t\t<\/div>\n\t\t\t\t\t\t\t<\/div>\n\t\t\t\t<\/div>\n\t\t\t\t\t<\/div>\n\t\t\t\t<\/div>\n\t\t\t\t<\/div>\n\t\t","protected":false},"excerpt":{"rendered":"<p>Pakume Teile suurep\u00e4rast v\u00f5imalust kinkida kvaliteetseid R\u00fc\u00fcbe viinasid ja rummi, mis on toodetud Eestis ettev\u00f5tte Surakas O\u00dc poolt. Kingitused on saadaval nii originaalses pakendis kui ka eritellimusel teile sobivalt kujundatud siltidega. Meie meeskond aitab r\u00f5\u00f5muga kujundada unikaalse ja isikup\u00e4rase sildi, mis j\u00e4tab meeldej\u00e4\u00e4va mulje. Tehke oma kingitused eriliseks \u2013 v\u00f5tke meiega \u00fchendust juba t\u00e4na! Siin [&hellip;]<\/p>\n","protected":false},"author":2,"featured_media":0,"parent":0,"menu_order":0,"comment_status":"closed","ping_status":"closed","template":"","meta":{"footnotes":""},"class_list":["post-6720","page","type-page","status-publish","hentry"],"yoast_head":"<!-- This site is optimized with the Yoast SEO plugin v26.6 - https:\/\/yoast.com\/wordpress\/plugins\/seo\/ -->\n<title>advertising product - Surakas<\/title>\n<meta name=\"robots\" content=\"index, follow, max-snippet:-1, max-image-preview:large, max-video-preview:-1\" \/>\n<link rel=\"canonical\" href=\"https:\/\/surakas.ee\/en\/advertising-product\/\" \/>\n<meta property=\"og:locale\" content=\"en_US\" \/>\n<meta property=\"og:type\" content=\"article\" \/>\n<meta property=\"og:title\" content=\"advertising product - Surakas\" \/>\n<meta property=\"og:description\" content=\"Pakume Teile suurep\u00e4rast v\u00f5imalust kinkida kvaliteetseid R\u00fc\u00fcbe viinasid ja rummi, mis on toodetud Eestis ettev\u00f5tte Surakas O\u00dc poolt. Kingitused on saadaval nii originaalses pakendis kui ka eritellimusel teile sobivalt kujundatud siltidega. Meie meeskond aitab r\u00f5\u00f5muga kujundada unikaalse ja isikup\u00e4rase sildi, mis j\u00e4tab meeldej\u00e4\u00e4va mulje. Tehke oma kingitused eriliseks \u2013 v\u00f5tke meiega \u00fchendust juba t\u00e4na! Siin [&hellip;]\" \/>\n<meta property=\"og:url\" content=\"https:\/\/surakas.ee\/en\/advertising-product\/\" \/>\n<meta property=\"og:site_name\" content=\"Surakas\" \/>\n<meta property=\"article:modified_time\" content=\"2024-12-02T13:24:11+00:00\" \/>\n<meta property=\"og:image\" content=\"https:\/\/surakas.ee\/wp-content\/uploads\/2024\/10\/Artiston-pudeli-silt-.jpg\" \/>\n<meta name=\"twitter:card\" content=\"summary_large_image\" \/>\n<meta name=\"twitter:label1\" content=\"Est. reading time\" \/>\n\t<meta name=\"twitter:data1\" content=\"2 minutes\" \/>\n<script type=\"application\/ld+json\" class=\"yoast-schema-graph\">{\"@context\":\"https:\/\/schema.org\",\"@graph\":[{\"@type\":\"WebPage\",\"@id\":\"https:\/\/surakas.ee\/en\/advertising-product\/\",\"url\":\"https:\/\/surakas.ee\/en\/advertising-product\/\",\"name\":\"advertising product - Surakas\",\"isPartOf\":{\"@id\":\"https:\/\/surakas.ee\/#website\"},\"primaryImageOfPage\":{\"@id\":\"https:\/\/surakas.ee\/en\/advertising-product\/#primaryimage\"},\"image\":{\"@id\":\"https:\/\/surakas.ee\/en\/advertising-product\/#primaryimage\"},\"thumbnailUrl\":\"https:\/\/surakas.ee\/wp-content\/uploads\/2024\/10\/Artiston-pudeli-silt-.jpg\",\"datePublished\":\"2024-10-03T09:47:50+00:00\",\"dateModified\":\"2024-12-02T13:24:11+00:00\",\"breadcrumb\":{\"@id\":\"https:\/\/surakas.ee\/en\/advertising-product\/#breadcrumb\"},\"inLanguage\":\"en-US\",\"potentialAction\":[{\"@type\":\"ReadAction\",\"target\":[\"https:\/\/surakas.ee\/en\/advertising-product\/\"]}]},{\"@type\":\"ImageObject\",\"inLanguage\":\"en-US\",\"@id\":\"https:\/\/surakas.ee\/en\/advertising-product\/#primaryimage\",\"url\":\"https:\/\/surakas.ee\/wp-content\/uploads\/2024\/10\/Artiston-pudeli-silt-.jpg\",\"contentUrl\":\"https:\/\/surakas.ee\/wp-content\/uploads\/2024\/10\/Artiston-pudeli-silt-.jpg\"},{\"@type\":\"BreadcrumbList\",\"@id\":\"https:\/\/surakas.ee\/en\/advertising-product\/#breadcrumb\",\"itemListElement\":[{\"@type\":\"ListItem\",\"position\":1,\"name\":\"Home\",\"item\":\"https:\/\/surakas.ee\/en\/\"},{\"@type\":\"ListItem\",\"position\":2,\"name\":\"advertising product\"}]},{\"@type\":\"WebSite\",\"@id\":\"https:\/\/surakas.ee\/#website\",\"url\":\"https:\/\/surakas.ee\/\",\"name\":\"Surakas\",\"description\":\"\",\"publisher\":{\"@id\":\"https:\/\/surakas.ee\/#organization\"},\"potentialAction\":[{\"@type\":\"SearchAction\",\"target\":{\"@type\":\"EntryPoint\",\"urlTemplate\":\"https:\/\/surakas.ee\/?s={search_term_string}\"},\"query-input\":{\"@type\":\"PropertyValueSpecification\",\"valueRequired\":true,\"valueName\":\"search_term_string\"}}],\"inLanguage\":\"en-US\"},{\"@type\":\"Organization\",\"@id\":\"https:\/\/surakas.ee\/#organization\",\"name\":\"Surakas\",\"url\":\"https:\/\/surakas.ee\/\",\"logo\":{\"@type\":\"ImageObject\",\"inLanguage\":\"en-US\",\"@id\":\"https:\/\/surakas.ee\/#\/schema\/logo\/image\/\",\"url\":\"https:\/\/surakas.ee\/wp-content\/uploads\/2024\/03\/Surakas-logo.png\",\"contentUrl\":\"https:\/\/surakas.ee\/wp-content\/uploads\/2024\/03\/Surakas-logo.png\",\"width\":754,\"height\":406,\"caption\":\"Surakas\"},\"image\":{\"@id\":\"https:\/\/surakas.ee\/#\/schema\/logo\/image\/\"}}]}<\/script>\n<!-- \/ Yoast SEO plugin. -->","yoast_head_json":{"title":"advertising product - Surakas","robots":{"index":"index","follow":"follow","max-snippet":"max-snippet:-1","max-image-preview":"max-image-preview:large","max-video-preview":"max-video-preview:-1"},"canonical":"https:\/\/surakas.ee\/en\/advertising-product\/","og_locale":"en_US","og_type":"article","og_title":"advertising product - Surakas","og_description":"Pakume Teile suurep\u00e4rast v\u00f5imalust kinkida kvaliteetseid R\u00fc\u00fcbe viinasid ja rummi, mis on toodetud Eestis ettev\u00f5tte Surakas O\u00dc poolt. Kingitused on saadaval nii originaalses pakendis kui ka eritellimusel teile sobivalt kujundatud siltidega. Meie meeskond aitab r\u00f5\u00f5muga kujundada unikaalse ja isikup\u00e4rase sildi, mis j\u00e4tab meeldej\u00e4\u00e4va mulje. Tehke oma kingitused eriliseks \u2013 v\u00f5tke meiega \u00fchendust juba t\u00e4na! Siin [&hellip;]","og_url":"https:\/\/surakas.ee\/en\/advertising-product\/","og_site_name":"Surakas","article_modified_time":"2024-12-02T13:24:11+00:00","og_image":[{"url":"https:\/\/surakas.ee\/wp-content\/uploads\/2024\/10\/Artiston-pudeli-silt-.jpg","type":"","width":"","height":""}],"twitter_card":"summary_large_image","twitter_misc":{"Est. reading time":"2 minutes"},"schema":{"@context":"https:\/\/schema.org","@graph":[{"@type":"WebPage","@id":"https:\/\/surakas.ee\/en\/advertising-product\/","url":"https:\/\/surakas.ee\/en\/advertising-product\/","name":"advertising product - Surakas","isPartOf":{"@id":"https:\/\/surakas.ee\/#website"},"primaryImageOfPage":{"@id":"https:\/\/surakas.ee\/en\/advertising-product\/#primaryimage"},"image":{"@id":"https:\/\/surakas.ee\/en\/advertising-product\/#primaryimage"},"thumbnailUrl":"https:\/\/surakas.ee\/wp-content\/uploads\/2024\/10\/Artiston-pudeli-silt-.jpg","datePublished":"2024-10-03T09:47:50+00:00","dateModified":"2024-12-02T13:24:11+00:00","breadcrumb":{"@id":"https:\/\/surakas.ee\/en\/advertising-product\/#breadcrumb"},"inLanguage":"en-US","potentialAction":[{"@type":"ReadAction","target":["https:\/\/surakas.ee\/en\/advertising-product\/"]}]},{"@type":"ImageObject","inLanguage":"en-US","@id":"https:\/\/surakas.ee\/en\/advertising-product\/#primaryimage","url":"https:\/\/surakas.ee\/wp-content\/uploads\/2024\/10\/Artiston-pudeli-silt-.jpg","contentUrl":"https:\/\/surakas.ee\/wp-content\/uploads\/2024\/10\/Artiston-pudeli-silt-.jpg"},{"@type":"BreadcrumbList","@id":"https:\/\/surakas.ee\/en\/advertising-product\/#breadcrumb","itemListElement":[{"@type":"ListItem","position":1,"name":"Home","item":"https:\/\/surakas.ee\/en\/"},{"@type":"ListItem","position":2,"name":"advertising product"}]},{"@type":"WebSite","@id":"https:\/\/surakas.ee\/#website","url":"https:\/\/surakas.ee\/","name":"Surakas","description":"","publisher":{"@id":"https:\/\/surakas.ee\/#organization"},"potentialAction":[{"@type":"SearchAction","target":{"@type":"EntryPoint","urlTemplate":"https:\/\/surakas.ee\/?s={search_term_string}"},"query-input":{"@type":"PropertyValueSpecification","valueRequired":true,"valueName":"search_term_string"}}],"inLanguage":"en-US"},{"@type":"Organization","@id":"https:\/\/surakas.ee\/#organization","name":"Surakas","url":"https:\/\/surakas.ee\/","logo":{"@type":"ImageObject","inLanguage":"en-US","@id":"https:\/\/surakas.ee\/#\/schema\/logo\/image\/","url":"https:\/\/surakas.ee\/wp-content\/uploads\/2024\/03\/Surakas-logo.png","contentUrl":"https:\/\/surakas.ee\/wp-content\/uploads\/2024\/03\/Surakas-logo.png","width":754,"height":406,"caption":"Surakas"},"image":{"@id":"https:\/\/surakas.ee\/#\/schema\/logo\/image\/"}}]}},"_links":{"self":[{"href":"https:\/\/surakas.ee\/en\/wp-json\/wp\/v2\/pages\/6720","targetHints":{"allow":["GET"]}}],"collection":[{"href":"https:\/\/surakas.ee\/en\/wp-json\/wp\/v2\/pages"}],"about":[{"href":"https:\/\/surakas.ee\/en\/wp-json\/wp\/v2\/types\/page"}],"author":[{"embeddable":true,"href":"https:\/\/surakas.ee\/en\/wp-json\/wp\/v2\/users\/2"}],"replies":[{"embeddable":true,"href":"https:\/\/surakas.ee\/en\/wp-json\/wp\/v2\/comments?post=6720"}],"version-history":[{"count":4,"href":"https:\/\/surakas.ee\/en\/wp-json\/wp\/v2\/pages\/6720\/revisions"}],"predecessor-version":[{"id":6724,"href":"https:\/\/surakas.ee\/en\/wp-json\/wp\/v2\/pages\/6720\/revisions\/6724"}],"wp:attachment":[{"href":"https:\/\/surakas.ee\/en\/wp-json\/wp\/v2\/media?parent=6720"}],"curies":[{"name":"wp","href":"https:\/\/api.w.org\/{rel}","templated":true}]}}