{"id":6340,"date":"2024-03-12T07:20:49","date_gmt":"2024-03-12T05:20:49","guid":{"rendered":"https:\/\/surakas.ee\/product\/handmade-vodka-ruube-with-chili-and-blackcurrant-vol-40-200ml\/"},"modified":"2026-01-29T18:23:12","modified_gmt":"2026-01-29T16:23:12","slug":"handmade-vodka-ruube-with-chili-and-blackcurrant-vol-40-200ml","status":"publish","type":"product","link":"https:\/\/surakas.ee\/en\/product\/handmade-vodka-ruube-with-chili-and-blackcurrant-vol-40-200ml\/","title":{"rendered":"HANDMADE VODKA R\u00dc\u00dcBE WITH CHILI AND BLACKCURRANT VOL 40% 200ml"},"content":{"rendered":"<p><strong>New handcrafted vodka R\u00dc\u00dcBE with chili and blackcurrant using a unique manufacturing process<\/strong><\/p>\n<p>The distillation process involves the use of exotic chili peppers and blackcurrants grown in the pristine nature of Estonia. The drink is characterized by its clear transparency, blackcurrant aroma, and the vibrant taste of chili peppers. Estonian organic spirits have been used in the production. It enhances the company even more &#8211; exciting aroma and the best taste at room temperature.  <\/p>\n<p><strong>Drink responsibly, it&#8217;s alcohol!<\/strong><\/p>\n<p><em><strong>Chili pepper<\/strong>, known in the Nahuatl language as simply <strong>chilli<\/strong>, is one of the <strong>oldest crops<\/strong> grown by mankind \u2013 it has been grown for over 8,000 years. Chili came to Europe in the pre-Columbian period, when the Vikings and other peoples engaged in research and trade travel; this has been done for over a thousand years. Bright red and hot chili peppers provide an unforgettable and crunchy taste experience.    <\/em><\/p>\n<p><em><strong>Blackcurrant<\/strong> (Ribes nigrum) is a common garden plant in Estonia, the cultivation of which began in Russian monasteries as early as the eleventh century. Blackcurrant berries, leaves and stems are highly valued for their unique smell and taste, and they are widely used in making jelly, tea, lemonade, juice and other food and beverages, leaves are used for preparing different marinades. <strong>Blackcurrant is Estonia\u2019s own superfood<\/strong>, which has an excellent delicious sweet and sour taste that lends an <strong>unforgettable taste to every food and drink<\/strong>.  <\/em><\/p>\n","protected":false},"excerpt":{"rendered":"<p>Delivery time: 3 working days<\/p>\n<p><img decoding=\"async\" class=\"alignnone wp-image-5892\" src=\"https:\/\/surakas.ee\/wp-content\/uploads\/2024\/12\/Tilgad_27x40_h6be.png\" alt=\"\" width=\"100\" height=\"100\" \/><img decoding=\"async\" class=\"alignnone wp-image-5892\" src=\"https:\/\/surakas.ee\/wp-content\/uploads\/2022\/04\/EU-ECO_logo_812x812px-01-300x300.png\" alt=\"\" width=\"100\" height=\"100\" srcset=\"https:\/\/surakas.ee\/wp-content\/uploads\/2022\/04\/EU-ECO_logo_812x812px-01-300x300.png 300w, https:\/\/surakas.ee\/wp-content\/uploads\/2022\/04\/EU-ECO_logo_812x812px-01-150x150.png 150w, https:\/\/surakas.ee\/wp-content\/uploads\/2022\/04\/EU-ECO_logo_812x812px-01-768x768.png 768w, https:\/\/surakas.ee\/wp-content\/uploads\/2022\/04\/EU-ECO_logo_812x812px-01-650x650.png 650w, https:\/\/surakas.ee\/wp-content\/uploads\/2022\/04\/EU-ECO_logo_812x812px-01-600x600.png 600w, https:\/\/surakas.ee\/wp-content\/uploads\/2022\/04\/EU-ECO_logo_812x812px-01-100x100.png 100w, https:\/\/surakas.ee\/wp-content\/uploads\/2022\/04\/EU-ECO_logo_812x812px-01.png 812w\" sizes=\"(max-width: 100px) 100vw, 100px\" \/> \u00a0<img decoding=\"async\" class=\"alignnone wp-image-5925\" src=\"https:\/\/surakas.ee\/wp-content\/uploads\/2022\/04\/Website-banner-new-medals2.png\" alt=\"\" width=\"100\" height=\"104\" \/><\/p>\n","protected":false},"featured_media":5905,"template":"","meta":[],"product_brand":[],"product_cat":[88],"product_tag":[91,93],"class_list":{"0":"post-6340","1":"product","2":"type-product","3":"status-publish","4":"has-post-thumbnail","6":"product_cat-flavored-vodka","7":"product_tag-100-organic-product","8":"product_tag-craft-spirits-berlin-2022-silver","10":"first","11":"instock","12":"taxable","13":"shipping-taxable","14":"purchasable","15":"product-type-simple"},"yoast_head":"<!-- This site is optimized with the Yoast SEO plugin v26.6 - https:\/\/yoast.com\/wordpress\/plugins\/seo\/ -->\n<title>HANDMADE VODKA R\u00dc\u00dcBE WITH CHILI AND BLACKCURRANT VOL 40% 200ml - Surakas<\/title>\n<meta name=\"robots\" content=\"index, follow, max-snippet:-1, max-image-preview:large, max-video-preview:-1\" \/>\n<link rel=\"canonical\" href=\"https:\/\/surakas.ee\/en\/product\/handmade-vodka-ruube-with-chili-and-blackcurrant-vol-40-200ml\/\" \/>\n<meta property=\"og:locale\" content=\"en_US\" \/>\n<meta property=\"og:type\" content=\"article\" \/>\n<meta property=\"og:title\" content=\"HANDMADE VODKA R\u00dc\u00dcBE WITH CHILI AND BLACKCURRANT VOL 40% 200ml - Surakas\" \/>\n<meta property=\"og:description\" content=\"Delivery time: 3 working days   \u00a0\" \/>\n<meta property=\"og:url\" content=\"https:\/\/surakas.ee\/en\/product\/handmade-vodka-ruube-with-chili-and-blackcurrant-vol-40-200ml\/\" \/>\n<meta property=\"og:site_name\" content=\"Surakas\" \/>\n<meta property=\"article:modified_time\" content=\"2026-01-29T16:23:12+00:00\" \/>\n<meta property=\"og:image\" content=\"https:\/\/surakas.ee\/wp-content\/uploads\/2022\/04\/tsillimusts_200ml_800x800.png\" \/>\n\t<meta property=\"og:image:width\" content=\"800\" \/>\n\t<meta property=\"og:image:height\" content=\"800\" \/>\n\t<meta property=\"og:image:type\" content=\"image\/png\" \/>\n<meta name=\"twitter:card\" content=\"summary_large_image\" \/>\n<meta name=\"twitter:label1\" content=\"Est. reading time\" \/>\n\t<meta name=\"twitter:data1\" content=\"2 minutes\" \/>\n<script type=\"application\/ld+json\" class=\"yoast-schema-graph\">{\"@context\":\"https:\/\/schema.org\",\"@graph\":[{\"@type\":\"WebPage\",\"@id\":\"https:\/\/surakas.ee\/en\/product\/handmade-vodka-ruube-with-chili-and-blackcurrant-vol-40-200ml\/\",\"url\":\"https:\/\/surakas.ee\/en\/product\/handmade-vodka-ruube-with-chili-and-blackcurrant-vol-40-200ml\/\",\"name\":\"HANDMADE VODKA R\u00dc\u00dcBE WITH CHILI AND BLACKCURRANT VOL 40% 200ml - Surakas\",\"isPartOf\":{\"@id\":\"https:\/\/surakas.ee\/#website\"},\"primaryImageOfPage\":{\"@id\":\"https:\/\/surakas.ee\/en\/product\/handmade-vodka-ruube-with-chili-and-blackcurrant-vol-40-200ml\/#primaryimage\"},\"image\":{\"@id\":\"https:\/\/surakas.ee\/en\/product\/handmade-vodka-ruube-with-chili-and-blackcurrant-vol-40-200ml\/#primaryimage\"},\"thumbnailUrl\":\"https:\/\/surakas.ee\/wp-content\/uploads\/2022\/04\/tsillimusts_200ml_800x800.png\",\"datePublished\":\"2024-03-12T05:20:49+00:00\",\"dateModified\":\"2026-01-29T16:23:12+00:00\",\"breadcrumb\":{\"@id\":\"https:\/\/surakas.ee\/en\/product\/handmade-vodka-ruube-with-chili-and-blackcurrant-vol-40-200ml\/#breadcrumb\"},\"inLanguage\":\"en-US\",\"potentialAction\":[{\"@type\":\"ReadAction\",\"target\":[\"https:\/\/surakas.ee\/en\/product\/handmade-vodka-ruube-with-chili-and-blackcurrant-vol-40-200ml\/\"]}]},{\"@type\":\"ImageObject\",\"inLanguage\":\"en-US\",\"@id\":\"https:\/\/surakas.ee\/en\/product\/handmade-vodka-ruube-with-chili-and-blackcurrant-vol-40-200ml\/#primaryimage\",\"url\":\"https:\/\/surakas.ee\/wp-content\/uploads\/2022\/04\/tsillimusts_200ml_800x800.png\",\"contentUrl\":\"https:\/\/surakas.ee\/wp-content\/uploads\/2022\/04\/tsillimusts_200ml_800x800.png\",\"width\":800,\"height\":800},{\"@type\":\"BreadcrumbList\",\"@id\":\"https:\/\/surakas.ee\/en\/product\/handmade-vodka-ruube-with-chili-and-blackcurrant-vol-40-200ml\/#breadcrumb\",\"itemListElement\":[{\"@type\":\"ListItem\",\"position\":1,\"name\":\"Home\",\"item\":\"https:\/\/surakas.ee\/en\/\"},{\"@type\":\"ListItem\",\"position\":2,\"name\":\"E-store\",\"item\":\"https:\/\/surakas.ee\/en\/e-store\/\"},{\"@type\":\"ListItem\",\"position\":3,\"name\":\"HANDMADE VODKA R\u00dc\u00dcBE WITH CHILI AND BLACKCURRANT VOL 40% 200ml\"}]},{\"@type\":\"WebSite\",\"@id\":\"https:\/\/surakas.ee\/#website\",\"url\":\"https:\/\/surakas.ee\/\",\"name\":\"Surakas\",\"description\":\"\",\"publisher\":{\"@id\":\"https:\/\/surakas.ee\/#organization\"},\"potentialAction\":[{\"@type\":\"SearchAction\",\"target\":{\"@type\":\"EntryPoint\",\"urlTemplate\":\"https:\/\/surakas.ee\/?s={search_term_string}\"},\"query-input\":{\"@type\":\"PropertyValueSpecification\",\"valueRequired\":true,\"valueName\":\"search_term_string\"}}],\"inLanguage\":\"en-US\"},{\"@type\":\"Organization\",\"@id\":\"https:\/\/surakas.ee\/#organization\",\"name\":\"Surakas\",\"url\":\"https:\/\/surakas.ee\/\",\"logo\":{\"@type\":\"ImageObject\",\"inLanguage\":\"en-US\",\"@id\":\"https:\/\/surakas.ee\/#\/schema\/logo\/image\/\",\"url\":\"https:\/\/surakas.ee\/wp-content\/uploads\/2024\/03\/Surakas-logo.png\",\"contentUrl\":\"https:\/\/surakas.ee\/wp-content\/uploads\/2024\/03\/Surakas-logo.png\",\"width\":754,\"height\":406,\"caption\":\"Surakas\"},\"image\":{\"@id\":\"https:\/\/surakas.ee\/#\/schema\/logo\/image\/\"}}]}<\/script>\n<!-- \/ Yoast SEO plugin. -->","yoast_head_json":{"title":"HANDMADE VODKA R\u00dc\u00dcBE WITH CHILI AND BLACKCURRANT VOL 40% 200ml - Surakas","robots":{"index":"index","follow":"follow","max-snippet":"max-snippet:-1","max-image-preview":"max-image-preview:large","max-video-preview":"max-video-preview:-1"},"canonical":"https:\/\/surakas.ee\/en\/product\/handmade-vodka-ruube-with-chili-and-blackcurrant-vol-40-200ml\/","og_locale":"en_US","og_type":"article","og_title":"HANDMADE VODKA R\u00dc\u00dcBE WITH CHILI AND BLACKCURRANT VOL 40% 200ml - Surakas","og_description":"Delivery time: 3 working days   \u00a0","og_url":"https:\/\/surakas.ee\/en\/product\/handmade-vodka-ruube-with-chili-and-blackcurrant-vol-40-200ml\/","og_site_name":"Surakas","article_modified_time":"2026-01-29T16:23:12+00:00","og_image":[{"width":800,"height":800,"url":"https:\/\/surakas.ee\/wp-content\/uploads\/2022\/04\/tsillimusts_200ml_800x800.png","type":"image\/png"}],"twitter_card":"summary_large_image","twitter_misc":{"Est. reading time":"2 minutes"},"schema":{"@context":"https:\/\/schema.org","@graph":[{"@type":"WebPage","@id":"https:\/\/surakas.ee\/en\/product\/handmade-vodka-ruube-with-chili-and-blackcurrant-vol-40-200ml\/","url":"https:\/\/surakas.ee\/en\/product\/handmade-vodka-ruube-with-chili-and-blackcurrant-vol-40-200ml\/","name":"HANDMADE VODKA R\u00dc\u00dcBE WITH CHILI AND BLACKCURRANT VOL 40% 200ml - Surakas","isPartOf":{"@id":"https:\/\/surakas.ee\/#website"},"primaryImageOfPage":{"@id":"https:\/\/surakas.ee\/en\/product\/handmade-vodka-ruube-with-chili-and-blackcurrant-vol-40-200ml\/#primaryimage"},"image":{"@id":"https:\/\/surakas.ee\/en\/product\/handmade-vodka-ruube-with-chili-and-blackcurrant-vol-40-200ml\/#primaryimage"},"thumbnailUrl":"https:\/\/surakas.ee\/wp-content\/uploads\/2022\/04\/tsillimusts_200ml_800x800.png","datePublished":"2024-03-12T05:20:49+00:00","dateModified":"2026-01-29T16:23:12+00:00","breadcrumb":{"@id":"https:\/\/surakas.ee\/en\/product\/handmade-vodka-ruube-with-chili-and-blackcurrant-vol-40-200ml\/#breadcrumb"},"inLanguage":"en-US","potentialAction":[{"@type":"ReadAction","target":["https:\/\/surakas.ee\/en\/product\/handmade-vodka-ruube-with-chili-and-blackcurrant-vol-40-200ml\/"]}]},{"@type":"ImageObject","inLanguage":"en-US","@id":"https:\/\/surakas.ee\/en\/product\/handmade-vodka-ruube-with-chili-and-blackcurrant-vol-40-200ml\/#primaryimage","url":"https:\/\/surakas.ee\/wp-content\/uploads\/2022\/04\/tsillimusts_200ml_800x800.png","contentUrl":"https:\/\/surakas.ee\/wp-content\/uploads\/2022\/04\/tsillimusts_200ml_800x800.png","width":800,"height":800},{"@type":"BreadcrumbList","@id":"https:\/\/surakas.ee\/en\/product\/handmade-vodka-ruube-with-chili-and-blackcurrant-vol-40-200ml\/#breadcrumb","itemListElement":[{"@type":"ListItem","position":1,"name":"Home","item":"https:\/\/surakas.ee\/en\/"},{"@type":"ListItem","position":2,"name":"E-store","item":"https:\/\/surakas.ee\/en\/e-store\/"},{"@type":"ListItem","position":3,"name":"HANDMADE VODKA R\u00dc\u00dcBE WITH CHILI AND BLACKCURRANT VOL 40% 200ml"}]},{"@type":"WebSite","@id":"https:\/\/surakas.ee\/#website","url":"https:\/\/surakas.ee\/","name":"Surakas","description":"","publisher":{"@id":"https:\/\/surakas.ee\/#organization"},"potentialAction":[{"@type":"SearchAction","target":{"@type":"EntryPoint","urlTemplate":"https:\/\/surakas.ee\/?s={search_term_string}"},"query-input":{"@type":"PropertyValueSpecification","valueRequired":true,"valueName":"search_term_string"}}],"inLanguage":"en-US"},{"@type":"Organization","@id":"https:\/\/surakas.ee\/#organization","name":"Surakas","url":"https:\/\/surakas.ee\/","logo":{"@type":"ImageObject","inLanguage":"en-US","@id":"https:\/\/surakas.ee\/#\/schema\/logo\/image\/","url":"https:\/\/surakas.ee\/wp-content\/uploads\/2024\/03\/Surakas-logo.png","contentUrl":"https:\/\/surakas.ee\/wp-content\/uploads\/2024\/03\/Surakas-logo.png","width":754,"height":406,"caption":"Surakas"},"image":{"@id":"https:\/\/surakas.ee\/#\/schema\/logo\/image\/"}}]}},"_links":{"self":[{"href":"https:\/\/surakas.ee\/en\/wp-json\/wp\/v2\/product\/6340","targetHints":{"allow":["GET"]}}],"collection":[{"href":"https:\/\/surakas.ee\/en\/wp-json\/wp\/v2\/product"}],"about":[{"href":"https:\/\/surakas.ee\/en\/wp-json\/wp\/v2\/types\/product"}],"wp:featuredmedia":[{"embeddable":true,"href":"https:\/\/surakas.ee\/en\/wp-json\/wp\/v2\/media\/5905"}],"wp:attachment":[{"href":"https:\/\/surakas.ee\/en\/wp-json\/wp\/v2\/media?parent=6340"}],"wp:term":[{"taxonomy":"product_brand","embeddable":true,"href":"https:\/\/surakas.ee\/en\/wp-json\/wp\/v2\/product_brand?post=6340"},{"taxonomy":"product_cat","embeddable":true,"href":"https:\/\/surakas.ee\/en\/wp-json\/wp\/v2\/product_cat?post=6340"},{"taxonomy":"product_tag","embeddable":true,"href":"https:\/\/surakas.ee\/en\/wp-json\/wp\/v2\/product_tag?post=6340"}],"curies":[{"name":"wp","href":"https:\/\/api.w.org\/{rel}","templated":true}]}}